{"id":10,"date":"2020-08-27T15:56:11","date_gmt":"2020-08-27T13:56:11","guid":{"rendered":"https:\/\/gracely.fr\/?page_id=10"},"modified":"2026-02-08T16:50:44","modified_gmt":"2026-02-08T15:50:44","slug":"home","status":"publish","type":"page","link":"https:\/\/gracely.fr\/","title":{"rendered":"accueil"},"content":{"rendered":"\r\n<p>je m&rsquo;appelle grace ly<\/p>\r\n<p>je suis autrice, podcasteuse et r\u00e9alisatrice bas\u00e9e \u00e0 Paris, France.<\/p>\r\n<p>\r\n\r\n<\/p>\r\n<p class=\"p1\">je milite pour une litt\u00e9rature pleine et des repr\u00e9sentations justes depuis 15 ans<\/p>\r\n<p>m\u00e8re de 3 enfants et aidante familiale.<\/p>\r\n<p>j&rsquo;aime par-dessus tout les belles histoires et les fous rires irr\u00e9sistibles<\/p>\r\n<p>bienvenue<\/p>\r\n","protected":false},"excerpt":{"rendered":"<p>je m&rsquo;appelle grace ly je suis autrice, podcasteuse et r\u00e9alisatrice bas\u00e9e \u00e0 Paris, France. je milite pour une litt\u00e9rature pleine et des repr\u00e9sentations justes depuis 15 ans m\u00e8re de 3 enfants et aidante familiale. j&rsquo;aime par-dessus tout les belles histoires et les fous rires irr\u00e9sistibles bienvenue<\/p>\n","protected":false},"author":1,"featured_media":257,"parent":0,"menu_order":0,"comment_status":"closed","ping_status":"closed","template":"","meta":[],"_links":{"self":[{"href":"https:\/\/gracely.fr\/index.php\/wp-json\/wp\/v2\/pages\/10"}],"collection":[{"href":"https:\/\/gracely.fr\/index.php\/wp-json\/wp\/v2\/pages"}],"about":[{"href":"https:\/\/gracely.fr\/index.php\/wp-json\/wp\/v2\/types\/page"}],"author":[{"embeddable":true,"href":"https:\/\/gracely.fr\/index.php\/wp-json\/wp\/v2\/users\/1"}],"replies":[{"embeddable":true,"href":"https:\/\/gracely.fr\/index.php\/wp-json\/wp\/v2\/comments?post=10"}],"version-history":[{"count":2,"href":"https:\/\/gracely.fr\/index.php\/wp-json\/wp\/v2\/pages\/10\/revisions"}],"predecessor-version":[{"id":500,"href":"https:\/\/gracely.fr\/index.php\/wp-json\/wp\/v2\/pages\/10\/revisions\/500"}],"wp:featuredmedia":[{"embeddable":true,"href":"https:\/\/gracely.fr\/index.php\/wp-json\/wp\/v2\/media\/257"}],"wp:attachment":[{"href":"https:\/\/gracely.fr\/index.php\/wp-json\/wp\/v2\/media?parent=10"}],"curies":[{"name":"wp","href":"https:\/\/api.w.org\/{rel}","templated":true}]}}