{"id":144,"date":"2018-12-27T22:40:39","date_gmt":"2018-12-27T21:40:39","guid":{"rendered":"https:\/\/gracely.fr\/?page_id=144"},"modified":"2021-08-28T11:59:10","modified_gmt":"2021-08-28T09:59:10","slug":"realisation","status":"publish","type":"page","link":"https:\/\/gracely.fr\/index.php\/realisation\/","title":{"rendered":"r\u00e9alisation"},"content":{"rendered":"\r\n<p><a href=\"https:\/\/www.youtube.com\/channel\/UCKBkpLXZA6QqxCZnFXZSGGw\" target=\"_blank\" rel=\"noreferrer noopener\">\u00c7a Reste Entre Nous<\/a> est une webs\u00e9rie documentaire de vid\u00e9os courtes cr\u00e9\u00e9e par Grace Ly qui donne la parole aux Asiatiques en France.<\/p>\r\n\r\n\r\n\r\n<p>\u00c7a Reste Entre Nous participe \u00e0 une repr\u00e9sentation plus juste des personnes aux origines asiatiques en France, \u00e0 la d\u00e9construction des clich\u00e9s et des id\u00e9es re\u00e7ues pour lutter contre les discriminations et contribuer \u00e0 une diversit\u00e9 r\u00e9elle sur les \u00e9crans.<\/p>\r\n\r\n\r\n\r\n\r\n\r\n<p>A chaque \u00e9pisode de \u00c7a Reste Entre Nous contribuent des hommes et femmes asiatiques de milieux et professions diff\u00e9rents. Ils \u00e9changent, autour d\u2019une table, comme dans la vraie vie.<\/p>\r\n\r\n\r\n\r\n<h2 class=\"has-text-align-center\">Episode 1 : L\u2019image des femmes asiatiques<\/h2>\r\n\r\n\r\n\r\n<div class=\"wp-block-image\">\r\n<figure class=\"aligncenter size-large\"><img class=\"wp-image-146\" src=\"https:\/\/gracely.fr\/wp-content\/uploads\/2020\/08\/image.png\" alt=\"\" \/><\/figure>\r\n<\/div>\r\n\r\n\r\n\r\n<p>La femme asiatique inspire fantasmes, clich\u00e9s, interrogations. Quatre femmes livrent leurs propres exp\u00e9riences, tentent de d\u00e9m\u00ealer les id\u00e9es re\u00e7ues, de briser cette image unique qu\u2019on leur renvoie.<\/p>\r\n\r\n\r\n\r\n<p><em>Avec la participation de\u00a0Grace Ly \/ Ir\u00e8ne Nam \/ Boulomsouk Svadphaiphane\/ Shanshan Zhu. R\u00e9alisation\u00a0: Grace Ly\/ Iloyd Campos.<\/em><\/p>\r\n\r\n\r\n\r\n<p>2017,<em> 8 minutes.<\/em> Visionner <a href=\"https:\/\/www.youtube.com\/watch?v=TSmiEcyWW8c&amp;t=2s\" target=\"_blank\" rel=\"noreferrer noopener\">ici<\/a>.<\/p>\r\n\r\n\r\n\r\n<h2 class=\"has-text-align-center\">Episode 2 : L\u2019image des hommes asiatiques<\/h2>\r\n\r\n\r\n\r\n<div class=\"wp-block-image\">\r\n<figure class=\"aligncenter size-full is-resized\"><img loading=\"lazy\" class=\"wp-image-147\" src=\"https:\/\/gracely.fr\/wp-content\/uploads\/2020\/08\/image-1.png\" alt=\"\" width=\"612\" height=\"386\" \/><\/figure>\r\n<\/div>\r\n\r\n\r\n\r\n<p>Quels sont les st\u00e9r\u00e9otypes qui frappent les hommes asiatiques ? \u00ab\u00a0Bons en maths\u00a0\u00bb, \u00ab\u00a0timides et r\u00e9serv\u00e9s\u00a0\u00bb, \u00ab\u00a0invisibles sur les \u00e9crans\u00a0\u00bb, jusqu\u2019\u00e0 leurs parties les plus intimes.<\/p>\r\n\r\n\r\n\r\n<p><em>Avec la participation de\u00a0Mike Nguyen \/ Daniel Tran \/ Steve Tran. R\u00e9alisation\u00a0: Grace Ly \/ Mia Ma.<\/em><\/p>\r\n\r\n\r\n\r\n<p><em>2017, 10 minutes. <\/em>Visionner <a href=\"https:\/\/youtu.be\/RoIGo3XMmeo\" target=\"_blank\" rel=\"noreferrer noopener\">ici<\/a>.<\/p>\r\n\r\n\r\n\r\n<h2 class=\"has-text-align-center\">Episode 3 : Nos enfants multiculturels<\/h2>\r\n\r\n\r\n\r\n<div class=\"wp-block-image\">\r\n<figure class=\"aligncenter size-large is-resized\"><img loading=\"lazy\" class=\"wp-image-148\" src=\"https:\/\/gracely.fr\/wp-content\/uploads\/2020\/08\/image-2.png\" alt=\"\" width=\"533\" height=\"355\" srcset=\"https:\/\/gracely.fr\/wp-content\/uploads\/2020\/08\/image-2.png 533w, https:\/\/gracely.fr\/wp-content\/uploads\/2020\/08\/image-2-300x200.png 300w, https:\/\/gracely.fr\/wp-content\/uploads\/2020\/08\/image-2-90x60.png 90w\" sizes=\"(max-width: 533px) 100vw, 533px\" \/><\/figure>\r\n<\/div>\r\n\r\n\r\n\r\n<p>Des parents parlent de leurs enfants n\u00e9s dans un foyer multiculturel et abordent des questions que se posent nombre d&rsquo;entre nous : comment concilier modernit\u00e9 et h\u00e9ritage ? \u00c9viter ou favoriser la reproduction des sch\u00e9mas h\u00e9rit\u00e9s de l&rsquo;\u00e9ducation re\u00e7ue ? Quelle transmission pour la langue maternelle ? Quels choix \u00e9ducatifs pour nos enfants riches de plusieurs cultures ?<\/p>\r\n\r\n\r\n\r\n<p><em>Avec la participation de\u00a0James Cheng Tan \/ Isabelle Le \/ JiYoung Lin-Jung \/ Sacha Lin-Jung. R\u00e9alisation\u00a0: Grace Ly \/ Mia Ma.<\/em><\/p>\r\n\r\n\r\n\r\n<p><em>2017, 12 minutes. <\/em>Visionner <a href=\"https:\/\/www.youtube.com\/watch?v=cAmi2W8Fg-Q\" target=\"_blank\" rel=\"noreferrer noopener\">ici<\/a>.<\/p>\r\n\r\n\r\n\r\n<h2 class=\"has-text-align-center\">Episode 4 : Reconversion professionnelle<\/h2>\r\n\r\n\r\n\r\n<div class=\"wp-block-image\">\r\n<figure class=\"aligncenter size-large\"><img loading=\"lazy\" width=\"570\" height=\"380\" class=\"wp-image-149\" src=\"https:\/\/gracely.fr\/wp-content\/uploads\/2020\/08\/image-3.png\" alt=\"\" srcset=\"https:\/\/gracely.fr\/wp-content\/uploads\/2020\/08\/image-3.png 570w, https:\/\/gracely.fr\/wp-content\/uploads\/2020\/08\/image-3-300x200.png 300w, https:\/\/gracely.fr\/wp-content\/uploads\/2020\/08\/image-3-90x60.png 90w\" sizes=\"(max-width: 570px) 100vw, 570px\" \/><\/figure>\r\n<\/div>\r\n\r\n\r\n\r\n<p>Les candidats \u00e0 la reconversion professionnelle sont de plus en plus nombreux. Comment concilier attentes familiales et aspirations personnelles ? Une carri\u00e8re artistique est-elle avouable \u00e0 nos parents sacrificiels ? Apr\u00e8s une carri\u00e8re dans un secteur qu\u2019ils avaient embrass\u00e9e pour rassurer leurs parents, quatre reconvertis nous livrent les cl\u00e9s de leur r\u00e9ussite.<\/p>\r\n\r\n\r\n\r\n<p><em>Avec la participation de\u00a0Fr\u00e9d\u00e9ric Chau \/ VuTh\u00e9ara Kham \/ Fran\u00e7ois-Xavier Phan\/ Sophie Trem. R\u00e9alisation\u00a0: Grace Ly \/ Caroline Chu<\/em><\/p>\r\n\r\n\r\n\r\n<p><em>2018, 17 minutes. <\/em>Visionner <a href=\"https:\/\/youtu.be\/4Gw6tYzbDFQ\" target=\"_blank\" rel=\"noreferrer noopener\">ici<\/a>.<\/p>\r\n\r\n\r\n\r\n<h2 class=\"has-text-align-center\">Episode 5 : Dans l&rsquo;ombre de nos identit\u00e9s<\/h2>\r\n\r\n\r\n\r\n<div class=\"wp-block-image\">\r\n<figure class=\"aligncenter size-large\"><img loading=\"lazy\" width=\"559\" height=\"373\" class=\"wp-image-150\" src=\"https:\/\/gracely.fr\/wp-content\/uploads\/2020\/08\/image-4.png\" alt=\"\" srcset=\"https:\/\/gracely.fr\/wp-content\/uploads\/2020\/08\/image-4.png 559w, https:\/\/gracely.fr\/wp-content\/uploads\/2020\/08\/image-4-300x200.png 300w, https:\/\/gracely.fr\/wp-content\/uploads\/2020\/08\/image-4-90x60.png 90w\" sizes=\"(max-width: 559px) 100vw, 559px\" \/><\/figure>\r\n<\/div>\r\n\r\n\r\n\r\n<p>Nos identit\u00e9s riches et multiples peuvent \u00eatre source de troubles : manque d\u2019assurance, complexes, mal-\u00eatre. Quatre personnes qui ont pris le chemin de leur qu\u00eate identitaire racontent comment ils ont surmont\u00e9 ces difficult\u00e9s pour accepter pleinement leurs singularit\u00e9s.<\/p>\r\n\r\n\r\n\r\n<p><em>Avec\u00a0la participation de\u00a0Guillaume Bordier \/ Flora Ma\u00efno \/ Christelle P\u00e9cout \/ Rui Wang. R\u00e9alisation\u00a0: Grace Ly \/ Mia Ma<\/em><\/p>\r\n\r\n\r\n\r\n<p><em>2018, 16 minutes. <\/em>Visionner <a href=\"https:\/\/youtu.be\/OYmCMRy6O9g\" target=\"_blank\" rel=\"noreferrer noopener\">ici<\/a>.<\/p>\r\n\r\n\r\n\r\n<h2 class=\"has-text-align-center\">Episode 6 : La beaut\u00e9 au f\u00e9minin<\/h2>\r\n\r\n\r\n\r\n<div class=\"wp-block-image\">\r\n<figure class=\"aligncenter size-large\"><img loading=\"lazy\" width=\"586\" height=\"390\" class=\"wp-image-151\" src=\"https:\/\/gracely.fr\/wp-content\/uploads\/2020\/08\/image-5.png\" alt=\"\" srcset=\"https:\/\/gracely.fr\/wp-content\/uploads\/2020\/08\/image-5.png 586w, https:\/\/gracely.fr\/wp-content\/uploads\/2020\/08\/image-5-300x200.png 300w, https:\/\/gracely.fr\/wp-content\/uploads\/2020\/08\/image-5-90x60.png 90w\" sizes=\"(max-width: 586px) 100vw, 586px\" \/><\/figure>\r\n<\/div>\r\n\r\n\r\n\r\n<p>Cheveux, maquillage, reconnexion\u00a0: qu\u2019est-ce qui se cache derri\u00e8re notre look\u00a0? Une discussion entre quatre femmes sur la beaut\u00e9, le f\u00e9minisme et la f\u00e9minit\u00e9.<\/p>\r\n\r\n\r\n\r\n<p><em>Avec\u00a0la participation de\u00a0Julie Hama\u00efde \/ Mai Hua \/ Marie Palot \/ Th\u00e9r\u00e8se Sayarath.\u00a0 R\u00e9alisation\u00a0: Grace Ly \/ Boulomsouk Svadphaiphane<\/em><\/p>\r\n\r\n\r\n\r\n<p><em>2018, 17 minutes. <\/em>Visionner <a href=\"https:\/\/www.youtube.com\/watch?v=nolRE7EXCCA\" target=\"_blank\" rel=\"noreferrer noopener\">ici<\/a>.<\/p>\r\n","protected":false},"excerpt":{"rendered":"<p>\u00c7a Reste Entre Nous est une webs\u00e9rie documentaire de vid\u00e9os courtes cr\u00e9\u00e9e par Grace Ly qui donne la parole aux Asiatiques en France. \u00c7a Reste Entre Nous participe \u00e0 une repr\u00e9sentation plus juste des personnes aux origines asiatiques en France, \u00e0 la d\u00e9construction des clich\u00e9s et des id\u00e9es re\u00e7ues pour &hellip; <\/p>\n","protected":false},"author":1,"featured_media":127,"parent":0,"menu_order":0,"comment_status":"closed","ping_status":"closed","template":"","meta":[],"_links":{"self":[{"href":"https:\/\/gracely.fr\/index.php\/wp-json\/wp\/v2\/pages\/144"}],"collection":[{"href":"https:\/\/gracely.fr\/index.php\/wp-json\/wp\/v2\/pages"}],"about":[{"href":"https:\/\/gracely.fr\/index.php\/wp-json\/wp\/v2\/types\/page"}],"author":[{"embeddable":true,"href":"https:\/\/gracely.fr\/index.php\/wp-json\/wp\/v2\/users\/1"}],"replies":[{"embeddable":true,"href":"https:\/\/gracely.fr\/index.php\/wp-json\/wp\/v2\/comments?post=144"}],"version-history":[{"count":0,"href":"https:\/\/gracely.fr\/index.php\/wp-json\/wp\/v2\/pages\/144\/revisions"}],"wp:featuredmedia":[{"embeddable":true,"href":"https:\/\/gracely.fr\/index.php\/wp-json\/wp\/v2\/media\/127"}],"wp:attachment":[{"href":"https:\/\/gracely.fr\/index.php\/wp-json\/wp\/v2\/media?parent=144"}],"curies":[{"name":"wp","href":"https:\/\/api.w.org\/{rel}","templated":true}]}}