{"id":287,"date":"2021-08-28T11:54:24","date_gmt":"2021-08-28T09:54:24","guid":{"rendered":"https:\/\/gracely.fr\/?page_id=287"},"modified":"2022-07-14T10:33:09","modified_gmt":"2022-07-14T08:33:09","slug":"jeune-fille-modele","status":"publish","type":"page","link":"https:\/\/gracely.fr\/index.php\/livres\/jeune-fille-modele\/","title":{"rendered":"Jeune fille mod\u00e8le"},"content":{"rendered":"<div class=\"wp-block-group alignwide\">\r\n<div class=\"wp-block-group__inner-container\">\u00ab\u00a0Jeune fille mod\u00e8le\u00a0\u00bb est mon premier roman.<\/div>\r\n<\/div>\r\n<div>\r\n<div class=\"wp-block-group alignwide\">\r\n<div>\u00a0<\/div>\r\n<div class=\"wp-block-group__inner-container\"><em>Chi Chi est une jeune fille comme les autres. Sauf qu\u2019elle ne ressemble pas du tout aux posters des magazines. Et que le principal du Lyc\u00e9e \u00e9corche son nom quand il fait l\u2019appel. Chi Chi aurait pr\u00e9f\u00e9r\u00e9 s\u2019appeler Marie, Isabelle ou Sophie. D\u2019ailleurs, Ama dit qu\u2019elle est une banane : jaune \u00e0 l\u2019ext\u00e9rieur et blanche \u00e0 l\u2019int\u00e9rieur. Chi Chi a grandi dans le Treizi\u00e8me qu\u2019elle arpente chaque soir pour livrer les plats du restaurant familial L\u2019Extr\u00eame-Orient.<\/em><\/div>\r\n<\/div>\r\n<p><em><!-- \/wp:group -->\r\n\r\n<!-- wp:paragraph --><\/em> <em>Elle a l\u2019impression de vivre dans un clich\u00e9, parle mal sa langue maternelle, et l\u2019Asie lui semble une terre exotique, m\u00eame si elle est rompue aux traditions du Nouvel An Lunaire. Quand Ama lui dit\u00a0: \u00ab\u00a0Nous sommes des Chinois du Cambodge\u00a0\u00bb, elle ne trouve pas la r\u00e9gion correspondante sur la mappemonde, ni son histoire tragique dans ses livres scolaires.<\/em> <em><!-- \/wp:paragraph -->\r\n\r\n<!-- wp:paragraph --><\/em> <em>Premier roman qui donne la parole \u00e0 une enfant de la seconde g\u00e9n\u00e9ration, sur laquelle plane l\u2019ombre d\u2019exils douloureux, Jeune fille mod\u00e8le met en sc\u00e8ne la palette d\u2019exp\u00e9riences li\u00e9es \u00e0 la double culture.<\/em><\/p>\r\n<!-- \/wp:paragraph -->\r\n\r\n<!-- wp:group --><!-- \/wp:group -->\r\n\r\n<!-- wp:paragraph --><!-- \/wp:paragraph -->\r\n\r\n<!-- wp:paragraph --><\/div>\r\n<div class=\"wp-block-group alignwide\">\r\n<div>\u00a0<\/div>\r\n<div class=\"wp-block-group__inner-container\"><em><a href=\"https:\/\/www.fayard.fr\/litterature-francaise\/jeune-fille-modele-9782213711591\">\u00c9ditions Fayard<\/a>, publi\u00e9 le 17 octobre 2018<\/em><\/div>\r\n<div>\u00a0<\/div>\r\n<div class=\"wp-block-group__inner-container\"><img loading=\"lazy\" class=\"alignnone wp-image-50 size-full\" src=\"https:\/\/gracely.fr\/wp-content\/uploads\/2020\/08\/Couverture_bandeau-e1598542129741.jpeg\" alt=\"\" width=\"300\" height=\"478\" \/>\u00a0 \u00a0 \u00a0 \u00a0 \u00a0<\/div>\r\n<\/div>\r\n<div>\u00a0<\/div>\r\n<div><em>Poche jeunesse, publi\u00e9 le 29 septembre 2019<\/em><\/div>\r\n<div class=\"wp-block-group alignwide\">\r\n<div>\u00a0<\/div>\r\n<div class=\"wp-block-group__inner-container\"><img loading=\"lazy\" class=\"alignnone wp-image-51\" src=\"https:\/\/gracely.fr\/wp-content\/uploads\/2020\/08\/Jeunefillemodele_pochejeunesse-e1598542469201.jpg\" alt=\"\" width=\"336\" height=\"478\" data-id=\"51\" \/><\/div>\r\n<div>\u00a0<\/div>\r\n<\/div>\r\n<p>&nbsp;<\/p>","protected":false},"excerpt":{"rendered":"<p>\u00ab\u00a0Jeune fille mod\u00e8le\u00a0\u00bb est mon premier roman. \u00a0 Chi Chi est une jeune fille comme les autres. Sauf qu\u2019elle ne ressemble pas du tout aux posters des magazines. Et que le principal du Lyc\u00e9e \u00e9corche son nom quand il fait l\u2019appel. Chi Chi aurait pr\u00e9f\u00e9r\u00e9 s\u2019appeler Marie, Isabelle ou Sophie. &hellip; <\/p>\n","protected":false},"author":1,"featured_media":329,"parent":330,"menu_order":0,"comment_status":"closed","ping_status":"closed","template":"","meta":[],"_links":{"self":[{"href":"https:\/\/gracely.fr\/index.php\/wp-json\/wp\/v2\/pages\/287"}],"collection":[{"href":"https:\/\/gracely.fr\/index.php\/wp-json\/wp\/v2\/pages"}],"about":[{"href":"https:\/\/gracely.fr\/index.php\/wp-json\/wp\/v2\/types\/page"}],"author":[{"embeddable":true,"href":"https:\/\/gracely.fr\/index.php\/wp-json\/wp\/v2\/users\/1"}],"replies":[{"embeddable":true,"href":"https:\/\/gracely.fr\/index.php\/wp-json\/wp\/v2\/comments?post=287"}],"version-history":[{"count":0,"href":"https:\/\/gracely.fr\/index.php\/wp-json\/wp\/v2\/pages\/287\/revisions"}],"up":[{"embeddable":true,"href":"https:\/\/gracely.fr\/index.php\/wp-json\/wp\/v2\/pages\/330"}],"wp:featuredmedia":[{"embeddable":true,"href":"https:\/\/gracely.fr\/index.php\/wp-json\/wp\/v2\/media\/329"}],"wp:attachment":[{"href":"https:\/\/gracely.fr\/index.php\/wp-json\/wp\/v2\/media?parent=287"}],"curies":[{"name":"wp","href":"https:\/\/api.w.org\/{rel}","templated":true}]}}